{"id":714,"date":"2021-03-24T19:17:22","date_gmt":"2021-03-24T19:17:22","guid":{"rendered":"https:\/\/lemanja.de\/visit-us\/"},"modified":"2021-07-23T00:58:55","modified_gmt":"2021-07-22T22:58:55","slug":"visit-us","status":"publish","type":"page","link":"https:\/\/lemanja.de\/en\/visit-us\/","title":{"rendered":"Visit Us"},"content":{"rendered":"<div id=\"cs-content\" class=\"cs-content\"><\/div>\n","protected":false},"excerpt":{"rendered":"<p>LEMANJ\u00c1LIVE ERLEBENEin Kleid von Lemanj\u00e1 ist f\u00fcr die Ewigkeit gedacht. Darum helfen wir dir gerne pers\u00f6nlich bei deiner Entscheidung. Zwischen den exklusiven Altbauten der Fasanenstra\u00dfe und der pulsierenden Shopping-Meile Kurf\u00fcrstendamm, liegt unser Showroom. Hier k\u00f6nnen alle Lemanj\u00e1 Kleider in entspannter Atmosph\u00e4re angefasst, anprobiert und auch gekauft werden. Wir empfangen jede Goddess gerne ganz unverbindlich zu einem individuellen Termin in die &#8230; <\/p>\n<div><a href=\"https:\/\/lemanja.de\/en\/visit-us\/\" class=\"more-link\">Read More<\/a><\/div>\n","protected":false},"author":2,"featured_media":0,"parent":0,"menu_order":0,"comment_status":"closed","ping_status":"closed","template":"template-blank-4.php","meta":{"_acf_changed":false,"inline_featured_image":false,"footnotes":""},"class_list":["post-714","page","type-page","status-publish","hentry","no-post-thumbnail"],"acf":[],"yoast_head":"<!-- This site is optimized with the Yoast SEO plugin v21.2 - https:\/\/yoast.com\/wordpress\/plugins\/seo\/ -->\n<title>Visit Us - Lemanja Fashion<\/title>\n<meta name=\"robots\" content=\"index, follow, max-snippet:-1, max-image-preview:large, max-video-preview:-1\" \/>\n<link rel=\"canonical\" href=\"https:\/\/lemanja.de\/en\/visit-us\/\" \/>\n<meta property=\"og:locale\" content=\"en_US\" \/>\n<meta property=\"og:type\" content=\"article\" \/>\n<meta property=\"og:title\" content=\"Visit Us - Lemanja Fashion\" \/>\n<meta property=\"og:description\" content=\"LEMANJ\u00c1LIVE ERLEBENEin Kleid von Lemanj\u00e1 ist f\u00fcr die Ewigkeit gedacht. Darum helfen wir dir gerne pers\u00f6nlich bei deiner Entscheidung. Zwischen den exklusiven Altbauten der Fasanenstra\u00dfe und der pulsierenden Shopping-Meile Kurf\u00fcrstendamm, liegt unser Showroom. Hier k\u00f6nnen alle Lemanj\u00e1 Kleider in entspannter Atmosph\u00e4re angefasst, anprobiert und auch gekauft werden. Wir empfangen jede Goddess gerne ganz unverbindlich zu einem individuellen Termin in die ... Read More\" \/>\n<meta property=\"og:url\" content=\"https:\/\/lemanja.de\/en\/visit-us\/\" \/>\n<meta property=\"og:site_name\" content=\"Lemanja Fashion\" \/>\n<meta property=\"article:modified_time\" content=\"2021-07-22T22:58:55+00:00\" \/>\n<meta name=\"twitter:card\" content=\"summary_large_image\" \/>\n<meta name=\"twitter:label1\" content=\"Est. reading time\" \/>\n\t<meta name=\"twitter:data1\" content=\"1 minute\" \/>\n<script type=\"application\/ld+json\" class=\"yoast-schema-graph\">{\"@context\":\"https:\/\/schema.org\",\"@graph\":[{\"@type\":\"WebPage\",\"@id\":\"https:\/\/lemanja.de\/en\/visit-us\/\",\"url\":\"https:\/\/lemanja.de\/en\/visit-us\/\",\"name\":\"Visit Us - Lemanja Fashion\",\"isPartOf\":{\"@id\":\"https:\/\/lemanja.de\/#website\"},\"datePublished\":\"2021-03-24T19:17:22+00:00\",\"dateModified\":\"2021-07-22T22:58:55+00:00\",\"breadcrumb\":{\"@id\":\"https:\/\/lemanja.de\/en\/visit-us\/#breadcrumb\"},\"inLanguage\":\"en-US\",\"potentialAction\":[{\"@type\":\"ReadAction\",\"target\":[\"https:\/\/lemanja.de\/en\/visit-us\/\"]}]},{\"@type\":\"BreadcrumbList\",\"@id\":\"https:\/\/lemanja.de\/en\/visit-us\/#breadcrumb\",\"itemListElement\":[{\"@type\":\"ListItem\",\"position\":1,\"name\":\"Home\",\"item\":\"https:\/\/lemanja.de\/en\/\"},{\"@type\":\"ListItem\",\"position\":2,\"name\":\"Visit Us\"}]},{\"@type\":\"WebSite\",\"@id\":\"https:\/\/lemanja.de\/#website\",\"url\":\"https:\/\/lemanja.de\/\",\"name\":\"Lemanja Fashion\",\"description\":\"Goddess Dress Berlin\",\"potentialAction\":[{\"@type\":\"SearchAction\",\"target\":{\"@type\":\"EntryPoint\",\"urlTemplate\":\"https:\/\/lemanja.de\/?s={search_term_string}\"},\"query-input\":\"required name=search_term_string\"}],\"inLanguage\":\"en-US\"}]}<\/script>\n<!-- \/ Yoast SEO plugin. -->","yoast_head_json":{"title":"Visit Us - Lemanja Fashion","robots":{"index":"index","follow":"follow","max-snippet":"max-snippet:-1","max-image-preview":"max-image-preview:large","max-video-preview":"max-video-preview:-1"},"canonical":"https:\/\/lemanja.de\/en\/visit-us\/","og_locale":"en_US","og_type":"article","og_title":"Visit Us - Lemanja Fashion","og_description":"LEMANJ\u00c1LIVE ERLEBENEin Kleid von Lemanj\u00e1 ist f\u00fcr die Ewigkeit gedacht. Darum helfen wir dir gerne pers\u00f6nlich bei deiner Entscheidung. Zwischen den exklusiven Altbauten der Fasanenstra\u00dfe und der pulsierenden Shopping-Meile Kurf\u00fcrstendamm, liegt unser Showroom. Hier k\u00f6nnen alle Lemanj\u00e1 Kleider in entspannter Atmosph\u00e4re angefasst, anprobiert und auch gekauft werden. Wir empfangen jede Goddess gerne ganz unverbindlich zu einem individuellen Termin in die ... Read More","og_url":"https:\/\/lemanja.de\/en\/visit-us\/","og_site_name":"Lemanja Fashion","article_modified_time":"2021-07-22T22:58:55+00:00","twitter_card":"summary_large_image","twitter_misc":{"Est. reading time":"1 minute"},"schema":{"@context":"https:\/\/schema.org","@graph":[{"@type":"WebPage","@id":"https:\/\/lemanja.de\/en\/visit-us\/","url":"https:\/\/lemanja.de\/en\/visit-us\/","name":"Visit Us - Lemanja Fashion","isPartOf":{"@id":"https:\/\/lemanja.de\/#website"},"datePublished":"2021-03-24T19:17:22+00:00","dateModified":"2021-07-22T22:58:55+00:00","breadcrumb":{"@id":"https:\/\/lemanja.de\/en\/visit-us\/#breadcrumb"},"inLanguage":"en-US","potentialAction":[{"@type":"ReadAction","target":["https:\/\/lemanja.de\/en\/visit-us\/"]}]},{"@type":"BreadcrumbList","@id":"https:\/\/lemanja.de\/en\/visit-us\/#breadcrumb","itemListElement":[{"@type":"ListItem","position":1,"name":"Home","item":"https:\/\/lemanja.de\/en\/"},{"@type":"ListItem","position":2,"name":"Visit Us"}]},{"@type":"WebSite","@id":"https:\/\/lemanja.de\/#website","url":"https:\/\/lemanja.de\/","name":"Lemanja Fashion","description":"Goddess Dress Berlin","potentialAction":[{"@type":"SearchAction","target":{"@type":"EntryPoint","urlTemplate":"https:\/\/lemanja.de\/?s={search_term_string}"},"query-input":"required name=search_term_string"}],"inLanguage":"en-US"}]}},"_links":{"self":[{"href":"https:\/\/lemanja.de\/en\/wp-json\/wp\/v2\/pages\/714","targetHints":{"allow":["GET"]}}],"collection":[{"href":"https:\/\/lemanja.de\/en\/wp-json\/wp\/v2\/pages"}],"about":[{"href":"https:\/\/lemanja.de\/en\/wp-json\/wp\/v2\/types\/page"}],"author":[{"embeddable":true,"href":"https:\/\/lemanja.de\/en\/wp-json\/wp\/v2\/users\/2"}],"replies":[{"embeddable":true,"href":"https:\/\/lemanja.de\/en\/wp-json\/wp\/v2\/comments?post=714"}],"version-history":[{"count":0,"href":"https:\/\/lemanja.de\/en\/wp-json\/wp\/v2\/pages\/714\/revisions"}],"wp:attachment":[{"href":"https:\/\/lemanja.de\/en\/wp-json\/wp\/v2\/media?parent=714"}],"curies":[{"name":"wp","href":"https:\/\/api.w.org\/{rel}","templated":true}]}}