{"id":2308,"date":"2022-03-08T00:29:36","date_gmt":"2022-03-07T23:29:36","guid":{"rendered":"https:\/\/lemanja.de\/lemanja-2-3\/"},"modified":"2022-03-08T18:23:52","modified_gmt":"2022-03-08T17:23:52","slug":"lemanja-home","status":"publish","type":"page","link":"https:\/\/lemanja.de\/en\/lemanja-home\/","title":{"rendered":"Lemanj\u00e1 Home"},"content":{"rendered":"<div id=\"cs-content\" class=\"cs-content\"><\/div>\n","protected":false},"excerpt":{"rendered":"<p>AuroraLemanj\u00e1 x Stefan HeyneFind your powerLEMANJ\u00c1 x Stefan HeyneAuroraAurora, the Roman goddess of dawn, a metaphor for the power of the eternal new beginning. What would be more in keeping with the spirit of the times? Stefan Heyne, internationally renowned photographer from Berlin captures sunrises and sunsets in the motifs used for this new Special Edition. He reduces his pictures &#8230; <\/p>\n<div><a href=\"https:\/\/lemanja.de\/en\/lemanja-home\/\" class=\"more-link\">Read More<\/a><\/div>\n","protected":false},"author":2,"featured_media":0,"parent":0,"menu_order":0,"comment_status":"closed","ping_status":"closed","template":"template-blank-4.php","meta":{"_acf_changed":false,"inline_featured_image":false,"footnotes":""},"class_list":["post-2308","page","type-page","status-publish","hentry","no-post-thumbnail"],"acf":[],"yoast_head":"<!-- This site is optimized with the Yoast SEO plugin v21.2 - https:\/\/yoast.com\/wordpress\/plugins\/seo\/ -->\n<title>Lemanj\u00e1 Fashion GmbH | Goddess Dress Berlin<\/title>\n<meta name=\"robots\" content=\"index, follow, max-snippet:-1, max-image-preview:large, max-video-preview:-1\" \/>\n<link rel=\"canonical\" href=\"https:\/\/lemanja.de\/en\/lemanja-home\/\" \/>\n<meta property=\"og:locale\" content=\"en_US\" \/>\n<meta property=\"og:type\" content=\"article\" \/>\n<meta property=\"og:title\" content=\"Lemanj\u00e1 Fashion GmbH | Goddess Dress Berlin\" \/>\n<meta property=\"og:description\" content=\"AuroraLemanj\u00e1 x Stefan HeyneFind your powerLEMANJ\u00c1 x Stefan HeyneAuroraAurora, the Roman goddess of dawn, a metaphor for the power of the eternal new beginning. What would be more in keeping with the spirit of the times? Stefan Heyne, internationally renowned photographer from Berlin captures sunrises and sunsets in the motifs used for this new Special Edition. He reduces his pictures ... Read More\" \/>\n<meta property=\"og:url\" content=\"https:\/\/lemanja.de\/en\/lemanja-home\/\" \/>\n<meta property=\"og:site_name\" content=\"Lemanja Fashion\" \/>\n<meta property=\"article:modified_time\" content=\"2022-03-08T17:23:52+00:00\" \/>\n<meta name=\"twitter:card\" content=\"summary_large_image\" \/>\n<meta name=\"twitter:label1\" content=\"Est. reading time\" \/>\n\t<meta name=\"twitter:data1\" content=\"3 minutes\" \/>\n<script type=\"application\/ld+json\" class=\"yoast-schema-graph\">{\"@context\":\"https:\/\/schema.org\",\"@graph\":[{\"@type\":\"WebPage\",\"@id\":\"https:\/\/lemanja.de\/en\/lemanja-home\/\",\"url\":\"https:\/\/lemanja.de\/en\/lemanja-home\/\",\"name\":\"Lemanj\u00e1 Fashion GmbH | Goddess Dress Berlin\",\"isPartOf\":{\"@id\":\"https:\/\/lemanja.de\/#website\"},\"datePublished\":\"2022-03-07T23:29:36+00:00\",\"dateModified\":\"2022-03-08T17:23:52+00:00\",\"breadcrumb\":{\"@id\":\"https:\/\/lemanja.de\/en\/lemanja-home\/#breadcrumb\"},\"inLanguage\":\"en-US\",\"potentialAction\":[{\"@type\":\"ReadAction\",\"target\":[\"https:\/\/lemanja.de\/en\/lemanja-home\/\"]}]},{\"@type\":\"BreadcrumbList\",\"@id\":\"https:\/\/lemanja.de\/en\/lemanja-home\/#breadcrumb\",\"itemListElement\":[{\"@type\":\"ListItem\",\"position\":1,\"name\":\"Home\",\"item\":\"https:\/\/lemanja.de\/en\/\"},{\"@type\":\"ListItem\",\"position\":2,\"name\":\"Lemanj\u00e1 Home\"}]},{\"@type\":\"WebSite\",\"@id\":\"https:\/\/lemanja.de\/#website\",\"url\":\"https:\/\/lemanja.de\/\",\"name\":\"Lemanja Fashion\",\"description\":\"Goddess Dress Berlin\",\"potentialAction\":[{\"@type\":\"SearchAction\",\"target\":{\"@type\":\"EntryPoint\",\"urlTemplate\":\"https:\/\/lemanja.de\/?s={search_term_string}\"},\"query-input\":\"required name=search_term_string\"}],\"inLanguage\":\"en-US\"}]}<\/script>\n<!-- \/ Yoast SEO plugin. -->","yoast_head_json":{"title":"Lemanj\u00e1 Fashion GmbH | Goddess Dress Berlin","robots":{"index":"index","follow":"follow","max-snippet":"max-snippet:-1","max-image-preview":"max-image-preview:large","max-video-preview":"max-video-preview:-1"},"canonical":"https:\/\/lemanja.de\/en\/lemanja-home\/","og_locale":"en_US","og_type":"article","og_title":"Lemanj\u00e1 Fashion GmbH | Goddess Dress Berlin","og_description":"AuroraLemanj\u00e1 x Stefan HeyneFind your powerLEMANJ\u00c1 x Stefan HeyneAuroraAurora, the Roman goddess of dawn, a metaphor for the power of the eternal new beginning. What would be more in keeping with the spirit of the times? Stefan Heyne, internationally renowned photographer from Berlin captures sunrises and sunsets in the motifs used for this new Special Edition. He reduces his pictures ... Read More","og_url":"https:\/\/lemanja.de\/en\/lemanja-home\/","og_site_name":"Lemanja Fashion","article_modified_time":"2022-03-08T17:23:52+00:00","twitter_card":"summary_large_image","twitter_misc":{"Est. reading time":"3 minutes"},"schema":{"@context":"https:\/\/schema.org","@graph":[{"@type":"WebPage","@id":"https:\/\/lemanja.de\/en\/lemanja-home\/","url":"https:\/\/lemanja.de\/en\/lemanja-home\/","name":"Lemanj\u00e1 Fashion GmbH | Goddess Dress Berlin","isPartOf":{"@id":"https:\/\/lemanja.de\/#website"},"datePublished":"2022-03-07T23:29:36+00:00","dateModified":"2022-03-08T17:23:52+00:00","breadcrumb":{"@id":"https:\/\/lemanja.de\/en\/lemanja-home\/#breadcrumb"},"inLanguage":"en-US","potentialAction":[{"@type":"ReadAction","target":["https:\/\/lemanja.de\/en\/lemanja-home\/"]}]},{"@type":"BreadcrumbList","@id":"https:\/\/lemanja.de\/en\/lemanja-home\/#breadcrumb","itemListElement":[{"@type":"ListItem","position":1,"name":"Home","item":"https:\/\/lemanja.de\/en\/"},{"@type":"ListItem","position":2,"name":"Lemanj\u00e1 Home"}]},{"@type":"WebSite","@id":"https:\/\/lemanja.de\/#website","url":"https:\/\/lemanja.de\/","name":"Lemanja Fashion","description":"Goddess Dress Berlin","potentialAction":[{"@type":"SearchAction","target":{"@type":"EntryPoint","urlTemplate":"https:\/\/lemanja.de\/?s={search_term_string}"},"query-input":"required name=search_term_string"}],"inLanguage":"en-US"}]}},"_links":{"self":[{"href":"https:\/\/lemanja.de\/en\/wp-json\/wp\/v2\/pages\/2308","targetHints":{"allow":["GET"]}}],"collection":[{"href":"https:\/\/lemanja.de\/en\/wp-json\/wp\/v2\/pages"}],"about":[{"href":"https:\/\/lemanja.de\/en\/wp-json\/wp\/v2\/types\/page"}],"author":[{"embeddable":true,"href":"https:\/\/lemanja.de\/en\/wp-json\/wp\/v2\/users\/2"}],"replies":[{"embeddable":true,"href":"https:\/\/lemanja.de\/en\/wp-json\/wp\/v2\/comments?post=2308"}],"version-history":[{"count":0,"href":"https:\/\/lemanja.de\/en\/wp-json\/wp\/v2\/pages\/2308\/revisions"}],"wp:attachment":[{"href":"https:\/\/lemanja.de\/en\/wp-json\/wp\/v2\/media?parent=2308"}],"curies":[{"name":"wp","href":"https:\/\/api.w.org\/{rel}","templated":true}]}}